{"id":793,"date":"2015-06-30T09:41:33","date_gmt":"2015-06-30T09:41:33","guid":{"rendered":"http:\/\/masterstudy.stylemixthemes.com\/demo\/?page_id=793"},"modified":"2025-01-28T17:56:19","modified_gmt":"2025-01-28T17:56:19","slug":"contact-us","status":"publish","type":"page","link":"https:\/\/inforfig.com\/index.php\/contact-us\/","title":{"rendered":"CONTACTOS"},"content":{"rendered":"<p>[vc_row css=&#8221;.vc_custom_1435659486461{margin-bottom: 0px !important;}&#8221;][vc_column width=&#8221;1\/2&#8243; el_class=&#8221;stm_icon_box_responsive&#8221;][vc_custom_heading text=&#8221;CONTACTOS:&#8221; font_container=&#8221;tag:h3|text_align:left&#8221; google_fonts=&#8221;font_family:Montserrat%3Aregular%2C700|font_style:700%20bold%20regular%3A700%3Anormal&#8221; css=&#8221;.vc_custom_1439471717796{margin-top: -20px !important;margin-bottom: 35px !important;}&#8221;][stm_icon_box title_holder=&#8221;h5&#8243; icon=&#8221;fa-icon-stm_icon_pin-o&#8221; icon_size=&#8221;35&#8243; icon_align=&#8221;left&#8221; icon_width=&#8221;35&#8243; icon_color=&#8221;#eab830&#8243; title=&#8221;Morada:&#8221; box_bg_color=&#8221;#ffffff&#8221; box_text_color=&#8221;#555555&#8243; css=&#8221;.vc_custom_1439471697833{margin-top: 0px !important;border-top-width: 1px !important;border-bottom-width: 1px !important;padding-top: 30px !important;padding-right: 0px !important;padding-bottom: 14px !important;padding-left: 0px !important;border-top-color: #e1e2e4 !important;border-top-style: solid !important;border-bottom-color: #e1e2e4 !important;border-bottom-style: solid !important;}&#8221; css_icon=&#8221;.vc_custom_1439471697827{padding-left: 7px !important;}&#8221;]Rua de Timor n\u00ba6, CV B<\/p>\n<p>3080-143 Figueira da Foz[\/stm_icon_box][vc_row_inner css=&#8221;.vc_custom_1435139343164{margin-bottom: 0px !important;}&#8221;][vc_column_inner el_class=&#8221;stm_sm_gutter_back&#8221; css=&#8221;.vc_custom_1436791397964{padding-right: 0px !important;}&#8221; offset=&#8221;vc_col-lg-6 vc_col-md-6&#8243;][stm_icon_box title_holder=&#8221;h5&#8243; hover_pos=&#8221;none&#8221; link_color_style=&#8221;dark&#8221; icon=&#8221;fa-icon-stm_icon_phone-o&#8221; icon_size=&#8221;33&#8243; icon_align=&#8221;left&#8221; icon_width=&#8221;35&#8243; icon_color=&#8221;#eab830&#8243; title=&#8221;Telefone:&#8221; box_bg_color=&#8221;#ffffff&#8221; box_text_color=&#8221;#555555&#8243; css=&#8221;.vc_custom_1738086978179{margin-top: 27px !important;border-bottom-width: 1px !important;padding-top: 0px !important;padding-right: 15px !important;padding-bottom: 17px !important;padding-left: 0px !important;border-bottom-color: #e1e2e4 !important;border-bottom-style: solid !important;}&#8221; css_icon=&#8221;.vc_custom_1738086978178{padding-left: 7px !important;}&#8221;]233 042 012[\/stm_icon_box][\/vc_column_inner][\/vc_row_inner][vc_row_inner css=&#8221;.vc_custom_1435139343164{margin-bottom: 0px !important;}&#8221;][vc_column_inner el_class=&#8221;stm_sm_gutter_back stm_bottom_border&#8221; css=&#8221;.vc_custom_1436791452718{padding-right: 0px !important;}&#8221; offset=&#8221;vc_col-lg-6 vc_col-md-6&#8243;][stm_icon_box title_holder=&#8221;h5&#8243; link_color_style=&#8221;dark&#8221; icon=&#8221;fa-icon-stm_icon_mail-o&#8221; icon_size=&#8221;22&#8243; icon_align=&#8221;left&#8221; icon_width=&#8221;35&#8243; icon_color=&#8221;#eab830&#8243; title=&#8221;Email:&#8221; box_bg_color=&#8221;#ffffff&#8221; box_text_color=&#8221;#555555&#8243; css=&#8221;.vc_custom_1439471794629{margin-top: 27px !important;padding-top: 0px !important;padding-right: 15px !important;padding-bottom: 14px !important;padding-left: 0px !important;}&#8221; css_icon=&#8221;.vc_custom_1439471794626{padding-top: 10px !important;padding-left: 3px !important;}&#8221;]inforfig@gmail.com[\/stm_icon_box][\/vc_column_inner][vc_column_inner el_class=&#8221;stm_sm_gutter_back&#8221; css=&#8221;.vc_custom_1436791272952{padding-left: 0px !important;}&#8221; offset=&#8221;vc_col-lg-6 vc_col-md-6&#8243;][stm_icon_box title_holder=&#8221;h5&#8243; link_color_style=&#8221;dark&#8221; icon=&#8221;fa-icon-stm_icon_earth&#8221; icon_size=&#8221;33&#8243; icon_align=&#8221;left&#8221; icon_width=&#8221;61&#8243; icon_color=&#8221;#eab830&#8243; title=&#8221;Web:&#8221; box_bg_color=&#8221;#ffffff&#8221; box_text_color=&#8221;#555555&#8243; css=&#8221;.vc_custom_1439471812003{margin-top: 27px !important;padding-top: 0px !important;padding-right: 0px !important;padding-bottom: 14px !important;padding-left: 0px !important;}&#8221; css_icon=&#8221;.vc_custom_1439471812001{padding-top: 3px !important;padding-left: 26px !important;}&#8221;]inforfig.com[\/stm_icon_box][\/vc_column_inner][\/vc_row_inner][vc_row_inner css=&#8221;.vc_custom_1435139343164{margin-bottom: 0px !important;}&#8221;][vc_column_inner el_class=&#8221;stm_sm_gutter_back stm_bottom_border&#8221; css=&#8221;.vc_custom_1436791452718{padding-right: 0px !important;}&#8221; offset=&#8221;vc_col-lg-6 vc_col-md-6&#8243;][stm_icon_box title_holder=&#8221;h5&#8243; hover_pos=&#8221;none&#8221; link_color_style=&#8221;dark&#8221; icon=&#8221;fab fa-facebook&#8221; icon_size=&#8221;22&#8243; icon_align=&#8221;left&#8221; icon_width=&#8221;35&#8243; icon_color=&#8221;#eab830&#8243; title=&#8221;Facebook&#8221; box_bg_color=&#8221;#ffffff&#8221; box_text_color=&#8221;#555555&#8243; css=&#8221;.vc_custom_1738086933223{margin-top: 27px !important;padding-top: 0px !important;padding-right: 15px !important;padding-bottom: 14px !important;padding-left: 0px !important;}&#8221; css_icon=&#8221;.vc_custom_1738086933222{padding-top: 10px !important;padding-left: 3px !important;}&#8221; link=&#8221;url:https%3A%2F%2Fwww.facebook.com%2Finforfig|target:_blank&#8221;][\/stm_icon_box][\/vc_column_inner][vc_column_inner el_class=&#8221;stm_sm_gutter_back&#8221; css=&#8221;.vc_custom_1436791272952{padding-left: 0px !important;}&#8221; offset=&#8221;vc_col-lg-6 vc_col-md-6&#8243;][stm_icon_box title_holder=&#8221;h5&#8243; hover_pos=&#8221;none&#8221; link_color_style=&#8221;dark&#8221; icon=&#8221;fab fa-instagram&#8221; icon_size=&#8221;33&#8243; icon_align=&#8221;left&#8221; icon_width=&#8221;61&#8243; icon_color=&#8221;#eab830&#8243; title=&#8221;Instagram&#8221; box_bg_color=&#8221;#ffffff&#8221; box_text_color=&#8221;#555555&#8243; css=&#8221;.vc_custom_1738086941720{margin-top: 27px !important;padding-top: 0px !important;padding-right: 0px !important;padding-bottom: 14px !important;padding-left: 0px !important;}&#8221; css_icon=&#8221;.vc_custom_1738086941719{padding-top: 3px !important;padding-left: 26px !important;}&#8221; link=&#8221;url:https%3A%2F%2Fwww.instagram.com%2Finforfig|target:_blank&#8221;][\/stm_icon_box][\/vc_column_inner][\/vc_row_inner][\/vc_column][vc_column width=&#8221;1\/2&#8243;][vc_custom_heading text=&#8221;LOCALIZA\u00c7\u00c3O:&#8221; font_container=&#8221;tag:h3|text_align:left&#8221; google_fonts=&#8221;font_family:Montserrat%3Aregular%2C700|font_style:700%20bold%20regular%3A700%3Anormal&#8221; css=&#8221;.vc_custom_1439472212644{margin-top: -20px !important;margin-bottom: 35px !important;}&#8221;][vc_gmaps link=&#8221;#E-8_JTNDaWZyYW1lJTIwc3JjJTNEJTIyaHR0cHMlM0ElMkYlMkZ3d3cuZ29vZ2xlLmNvbSUyRm1hcHMlMkZlbWJlZCUzRnBiJTNEJTIxMW0xOCUyMTFtMTIlMjExbTMlMjExZDM2MTMuNzk5OTUwNDQyMzc5JTIxMmQtOC44NTU2Njc1OTk5OTk5NjElMjEzZDQwLjE1NDcyNDAxMzY4NDAyJTIxMm0zJTIxMWYwJTIxMmYwJTIxM2YwJTIxM20yJTIxMWkxMDI0JTIxMmk3NjglMjE0ZjEzLjElMjEzbTMlMjExbTIlMjExczB4ZDIyMzdjMDRhOGM0NzZiJTI1M0EweDJjYTJiMWQzMjZkMGVmOWUlMjEyelNXNW1iM0ptYVdjdFptOXliV0hEcDhPamJ5Qkpibk4wWVd4aHc2ZkR0V1Z6SUVsdVptOXliY09oZEdsallYTXNaV3pEcVdOMGNtbGpZWE1nVkdWc1pXYkRzMjVwWTJGeklFeGtZUSUyMTVlMSUyMTNtMiUyMTFzcHQtUFQlMjEyc3B0JTIxNHYxNDM5NDc0OTQ4NjQwJTIyJTIwd2lkdGglM0QlMjI2MDAlMjIlMjBoZWlnaHQlM0QlMjI0NTAlMjIlMjBmcmFtZWJvcmRlciUzRCUyMjAlMjIlMjBzdHlsZSUzRCUyMmJvcmRlciUzQTAlMjIlMjBhbGxvd2Z1bGxzY3JlZW4lM0UlM0MlMkZpZnJhbWUlM0U=&#8221;][\/vc_column][\/vc_row][vc_row][vc_column][stm_multy_separator css=&#8221;.vc_custom_1435665826984{margin-top: 39px !important;margin-bottom: 0px !important;}&#8221;][\/vc_column][\/vc_row][vc_row css=&#8221;.vc_custom_1435665045394{margin-bottom: 0px !important;}&#8221;][vc_column width=&#8221;2\/3&#8243; css=&#8221;.vc_custom_1437478190523{margin-right: 0px !important;margin-bottom: 20px !important;padding-right: 64px !important;}&#8221; el_class=&#8221;custom-border&#8221;][vc_custom_heading text=&#8221;CONTACTE-NOS&#8221; font_container=&#8221;tag:h3|text_align:left&#8221; google_fonts=&#8221;font_family:Montserrat%3Aregular%2C700|font_style:700%20bold%20regular%3A700%3Anormal&#8221; css=&#8221;.vc_custom_1439472163056{margin-bottom: 37px !important;}&#8221;]\n<div class=\"wpcf7 no-js\" id=\"wpcf7-f817-o1\" lang=\"en-US\" dir=\"ltr\" data-wpcf7-id=\"817\">\n<div class=\"screen-reader-response\"><p role=\"status\" aria-live=\"polite\" aria-atomic=\"true\"><\/p> <ul><\/ul><\/div>\n<form action=\"\/index.php\/wp-json\/wp\/v2\/pages\/793#wpcf7-f817-o1\" method=\"post\" class=\"wpcf7-form init\" aria-label=\"Contact form\" novalidate=\"novalidate\" data-status=\"init\">\n<div style=\"display: none;\">\n<input type=\"hidden\" name=\"_wpcf7\" value=\"817\" \/>\n<input type=\"hidden\" name=\"_wpcf7_version\" value=\"6.0.4\" \/>\n<input type=\"hidden\" name=\"_wpcf7_locale\" value=\"en_US\" \/>\n<input type=\"hidden\" name=\"_wpcf7_unit_tag\" value=\"wpcf7-f817-o1\" \/>\n<input type=\"hidden\" name=\"_wpcf7_container_post\" value=\"0\" \/>\n<input type=\"hidden\" name=\"_wpcf7_posted_data_hash\" value=\"\" \/>\n<\/div>\n<p>O seu nome (obrigat\u00f3rio)\n<\/p>\n<p><span class=\"wpcf7-form-control-wrap\" data-name=\"your-name\"><input size=\"40\" maxlength=\"400\" class=\"wpcf7-form-control wpcf7-text wpcf7-validates-as-required\" aria-required=\"true\" aria-invalid=\"false\" value=\"\" type=\"text\" name=\"your-name\" \/><\/span>\n<\/p>\n<p>O seu email (obrigat\u00f3rio)\n<\/p>\n<p><span class=\"wpcf7-form-control-wrap\" data-name=\"your-email\"><input size=\"40\" maxlength=\"400\" class=\"wpcf7-form-control wpcf7-email wpcf7-validates-as-required wpcf7-text wpcf7-validates-as-email\" aria-required=\"true\" aria-invalid=\"false\" value=\"\" type=\"email\" name=\"your-email\" \/><\/span>\n<\/p>\n<p>Assunto\n<\/p>\n<p><span class=\"wpcf7-form-control-wrap\" data-name=\"your-subject\"><input size=\"40\" maxlength=\"400\" class=\"wpcf7-form-control wpcf7-text\" aria-invalid=\"false\" value=\"\" type=\"text\" name=\"your-subject\" \/><\/span>\n<\/p>\n<p>A sua mensagem\n<\/p>\n<p><span class=\"wpcf7-form-control-wrap\" data-name=\"your-message\"><textarea cols=\"40\" rows=\"10\" maxlength=\"2000\" class=\"wpcf7-form-control wpcf7-textarea\" aria-invalid=\"false\" name=\"your-message\"><\/textarea><\/span>\n<\/p>\n<p>[recaptcha]\n<\/p>\n<p><input class=\"wpcf7-form-control wpcf7-submit has-spinner\" type=\"submit\" value=\"Enviar\" \/>\n<\/p><div class=\"wpcf7-response-output\" aria-hidden=\"true\"><\/div>\n<\/form>\n<\/div>\n[\/vc_column][vc_column width=&#8221;1\/3&#8243; css=&#8221;.vc_custom_1435665074871{margin-bottom: 20px !important;}&#8221;][vc_custom_heading text=&#8221;NOSSOS CONTACTOS&#8221; font_container=&#8221;tag:h3|text_align:left&#8221; google_fonts=&#8221;font_family:Montserrat%3Aregular%2C700|font_style:700%20bold%20regular%3A700%3Anormal&#8221; css=&#8221;.vc_custom_1439471845958{margin-bottom: 37px !important;}&#8221;][stm_contact name=&#8221;Fernando Silva&#8221; job=&#8221;GESTOR DE FORMA\u00c7\u00c3O&#8221; phone=&#8221;963891178&#8243; email=&#8221;fernandosilvafernandes@gmail.com&#8221;][stm_contact name=&#8221;Lu\u00eds Travassos&#8221; job=&#8221;DIRETOR&#8221; phone=&#8221;964362408&#8243; email=&#8221;luistravassos@gmail.com&#8221;][\/vc_column][\/vc_row]<\/p>\n","protected":false},"excerpt":{"rendered":"<p>[vc_row css=&#8221;.vc_custom_1435659486461{margin-bottom: 0px !important;}&#8221;][vc_column width=&#8221;1\/2&#8243; el_class=&#8221;stm_icon_box_responsive&#8221;][vc_custom_heading text=&#8221;CONTACTOS:&#8221; font_container=&#8221;tag:h3|text_align:left&#8221; google_fonts=&#8221;font_family:Montserrat%3Aregular%2C700|font_style:700%20bold%20regular%3A700%3Anormal&#8221; css=&#8221;.vc_custom_1439471717796{margin-top: -20px !important;margin-bottom: 35px !important;}&#8221;][stm_icon_box title_holder=&#8221;h5&#8243; icon=&#8221;fa-icon-stm_icon_pin-o&#8221; icon_size=&#8221;35&#8243; icon_align=&#8221;left&#8221; icon_width=&#8221;35&#8243; icon_color=&#8221;#eab830&#8243; title=&#8221;Morada:&#8221; box_bg_color=&#8221;#ffffff&#8221; box_text_color=&#8221;#555555&#8243; css=&#8221;.vc_custom_1439471697833{margin-top: 0px !important;border-top-width: 1px !important;border-bottom-width: 1px !important;padding-top: 30px !important;padding-right: 0px !important;padding-bottom: 14px !important;padding-left: 0px !important;border-top-color: #e1e2e4 !important;border-top-style: solid !important;border-bottom-color: #e1e2e4 !important;border-bottom-style: solid !important;}&#8221; css_icon=&#8221;.vc_custom_1439471697827{padding-left: 7px !important;}&#8221;]Rua de Timor n\u00ba6, CV B 3080-143 [&hellip;]<\/p>\n","protected":false},"author":2,"featured_media":0,"parent":0,"menu_order":0,"comment_status":"closed","ping_status":"closed","template":"","meta":{"footnotes":""},"class_list":["post-793","page","type-page","status-publish","hentry"],"_links":{"self":[{"href":"https:\/\/inforfig.com\/index.php\/wp-json\/wp\/v2\/pages\/793","targetHints":{"allow":["GET"]}}],"collection":[{"href":"https:\/\/inforfig.com\/index.php\/wp-json\/wp\/v2\/pages"}],"about":[{"href":"https:\/\/inforfig.com\/index.php\/wp-json\/wp\/v2\/types\/page"}],"author":[{"embeddable":true,"href":"https:\/\/inforfig.com\/index.php\/wp-json\/wp\/v2\/users\/2"}],"replies":[{"embeddable":true,"href":"https:\/\/inforfig.com\/index.php\/wp-json\/wp\/v2\/comments?post=793"}],"version-history":[{"count":8,"href":"https:\/\/inforfig.com\/index.php\/wp-json\/wp\/v2\/pages\/793\/revisions"}],"predecessor-version":[{"id":1752,"href":"https:\/\/inforfig.com\/index.php\/wp-json\/wp\/v2\/pages\/793\/revisions\/1752"}],"wp:attachment":[{"href":"https:\/\/inforfig.com\/index.php\/wp-json\/wp\/v2\/media?parent=793"}],"curies":[{"name":"wp","href":"https:\/\/api.w.org\/{rel}","templated":true}]}}