{"id":8,"date":"2015-05-20T11:45:57","date_gmt":"2015-05-20T11:45:57","guid":{"rendered":"http:\/\/masterstudy.stylemixthemes.com\/demo\/?page_id=8"},"modified":"2025-02-20T14:26:56","modified_gmt":"2025-02-20T14:26:56","slug":"front-page","status":"publish","type":"page","link":"https:\/\/inforfig.com\/","title":{"rendered":"Front Page"},"content":{"rendered":"<p>[vc_row full_width=&#8221;stretch_row_content_no_spaces&#8221; css=&#8221;.vc_custom_1432531325225{margin-bottom: 0px !important;}&#8221;][vc_column][rev_slider_vc alias=&#8221;home_slider&#8221;][\/vc_column][\/vc_row][vc_row css=&#8221;.vc_custom_1461166226163{margin-top: 0px !important;margin-right: 0px !important;margin-bottom: 28px !important;margin-left: 0px !important;}&#8221; el_class=&#8221;overflowed_content&#8221;][vc_column width=&#8221;1\/4&#8243; css=&#8221;.vc_custom_1434610589736{margin-top: -148px !important;padding-right: 0px !important;padding-left: 0px !important;}&#8221;][stm_icon_box icon=&#8221;fa-icon-stm_icon_graduation-hat&#8221; icon_size=&#8221;73&#8243; icon_height=&#8221;69&#8243; icon_color=&#8221;#ffffff&#8221; title=&#8221;CURSOS CERTIFICADOS&#8221; box_bg_color=&#8221;#10c45c&#8221; box_text_color=&#8221;#ffffff&#8221; css=&#8221;.vc_custom_1461161153535{padding-top: 30px !important;padding-right: 32px !important;padding-bottom: 50px !important;padding-left: 32px !important;}&#8221;]Ap\u00f3s o terminus de cada a\u00e7\u00e3o de forma\u00e7\u00e3o cada formando recebe um certificado profissional referente \u00e0 a\u00e7\u00e3o que frequentou com sucesso[\/stm_icon_box][\/vc_column][vc_column width=&#8221;1\/4&#8243; css=&#8221;.vc_custom_1434610598979{margin-top: -148px !important;padding-right: 0px !important;padding-left: 0px !important;}&#8221;][stm_icon_box icon=&#8221;fa-icon-stm_icon_book&#8221; icon_size=&#8221;61&#8243; icon_height=&#8221;69&#8243; icon_color=&#8221;#ffffff&#8221; title=&#8221;DOCUMENTA\u00c7\u00c3O&#8221; box_bg_color=&#8221;#fdc735&#8243; box_text_color=&#8221;#ffffff&#8221; css=&#8221;.vc_custom_1439397062306{padding-top: 30px !important;padding-right: 32px !important;padding-bottom: 50px !important;padding-left: 32px !important;}&#8221;]Em todas as a\u00e7\u00f5es de forma\u00e7\u00e3o disponibilizamos em formato digital toda a documenta\u00e7\u00e3o de suporte[\/stm_icon_box][\/vc_column][vc_column width=&#8221;1\/4&#8243; css=&#8221;.vc_custom_1434610604765{margin-top: -148px !important;padding-right: 0px !important;padding-left: 0px !important;}&#8221;][stm_icon_box icon=&#8221;fa-icon-stm_icon_diamond&#8221; icon_size=&#8221;62&#8243; icon_height=&#8221;69&#8243; icon_color=&#8221;#ffffff&#8221; title=&#8221;FORMADORES PROFISSIONAIS&#8221; box_bg_color=&#8221;#307ad5&#8243; box_text_color=&#8221;#ffffff&#8221;]A inforfig tem na sua bolsa Formadores Certificados nas mais diversas \u00e1reas de Forma\u00e7\u00e3o[\/stm_icon_box][\/vc_column][vc_column width=&#8221;1\/4&#8243; css=&#8221;.vc_custom_1434610618578{margin-top: -148px !important;padding-right: 0px !important;padding-left: 0px !important;}&#8221;][stm_icon_box icon=&#8221;fa-icon-stm_icon_license&#8221; icon_size=&#8221;57&#8243; icon_height=&#8221;69&#8243; icon_color=&#8221;#ffffff&#8221; title=&#8221;ENTIDADE CERTIFICADA&#8221; box_bg_color=&#8221;#e948ae&#8221; box_text_color=&#8221;#ffffff&#8221;]481 &#8211; Ci\u00eancias Inform\u00e1ticas<br \/>\n523 &#8211; Eletr\u00f3nica e automa\u00e7\u00e3o<br \/>\n622 &#8211; Floricultura e jardinagem<br \/>\n761 &#8211; Servi\u00e7os de apoio a crian\u00e7as e jovens<br \/>\n762 &#8211; Trabalho social e orienta\u00e7\u00e3o[\/stm_icon_box][\/vc_column][\/vc_row][vc_row][vc_column][vc_single_image image=&#8221;1755&#8243; img_size=&#8221;full&#8221; alignment=&#8221;center&#8221;][\/vc_column][\/vc_row][vc_row full_width=&#8221;stretch_row&#8221; parallax=&#8221;content-moving-fade&#8221; parallax_image=&#8221;1537&#8243; css=&#8221;.vc_custom_1439479402580{padding-top: 29px !important;padding-bottom: 60px !important;}&#8221; el_class=&#8221;stm_fixed_background&#8221;][vc_column css=&#8221;.vc_custom_1439479369224{background-position: 0 0 !important;background-repeat: repeat !important;}&#8221;][vc_custom_heading text=&#8221;DADOS ESTAT\u00edSTICOS&#8221; font_container=&#8221;tag:h2|font_size:32|text_align:center|color:%23ffffff|line_height:48px&#8221; google_fonts=&#8221;font_family:Montserrat%3Aregular%2C700|font_style:700%20bold%20regular%3A700%3Anormal&#8221;][vc_row_inner][vc_column_inner][stm_color_separator color=&#8221;#fdc735&#8243; css=&#8221;.vc_custom_1436163568935{margin-top: 7px !important;margin-bottom: 27px !important;}&#8221;][vc_column_text css=&#8221;.vc_custom_1439480988498{margin-bottom: 11px !important;}&#8221;]<\/p>\n<h4 style=\"text-align: center;\"><span style=\"color: #ffffff;\">AQUI PODE VER ALGUMAS ESTAT\u00cdSTICAS\u00a0DO NOSSO SUCESSO<\/span><\/h4>\n<p>[\/vc_column_text][\/vc_column_inner][\/vc_row_inner][vc_row_inner css=&#8221;.vc_custom_1436163882282{margin-bottom: 46px !important;}&#8221;][vc_column_inner width=&#8221;1\/4&#8243;][stm_stats_counter counter_value=&#8221;4215&#8243; icon=&#8221;fa-icon-stm_icon_category&#8221; icon_height=&#8221;72&#8243; title=&#8221;FORMANDOS CERTIFICADOS&#8221; icon_text_color=&#8221;#ffffff&#8221;][\/vc_column_inner][vc_column_inner width=&#8221;1\/4&#8243;][stm_stats_counter counter_value=&#8221;45&#8243; icon=&#8221;fa-icon-stm_icon_graduation-hat&#8221; icon_size=&#8221;71&#8243; icon_height=&#8221;72&#8243; title=&#8221;cursos completos&#8221;][\/vc_column_inner][vc_column_inner width=&#8221;1\/4&#8243;][stm_stats_counter counter_value=&#8221;1540&#8243; icon=&#8221;fa-icon-stm_icon_users&#8221; icon_height=&#8221;72&#8243; title=&#8221;FORMANDOS PRE-INSCRITOS&#8221;][\/vc_column_inner][vc_column_inner width=&#8221;1\/4&#8243;][stm_stats_counter counter_value=&#8221;281&#8243; icon=&#8221;fa-icon-stm_icon_teacher&#8221; icon_height=&#8221;72&#8243; title=&#8221;A\u00c7\u00d5ES FORMA\u00c7\u00c3O&#8221;][\/vc_column_inner][\/vc_row_inner][\/vc_column][\/vc_row][vc_row css=&#8221;.vc_custom_1436164243861{margin-bottom: 28px !important;}&#8221;][vc_column][vc_custom_heading text=&#8221;\u00daLTIMAS NOT\u00cdCIAS&#8221; font_container=&#8221;tag:h2|font_size:32|text_align:center|line_height:48px&#8221; google_fonts=&#8221;font_family:Montserrat%3Aregular%2C700|font_style:700%20bold%20regular%3A700%3Anormal&#8221;][vc_row_inner css=&#8221;.vc_custom_1436164020002{margin-bottom: 27px !important;}&#8221;][vc_column_inner][stm_color_separator css=&#8221;.vc_custom_1437023252855{margin-top: 7px !important;margin-bottom: 0px !important;}&#8221;][\/vc_column_inner][\/vc_row_inner][vc_row_inner][vc_column_inner][stm_post_list post_list_per_row=&#8221;3&#8243; post_list_per_page=&#8221;6&#8243;][\/vc_column_inner][\/vc_row_inner][\/vc_column][\/vc_row][vc_row css=&#8221;.vc_custom_1437457459868{margin-right: 0px !important;margin-left: 0px !important;padding-top: 30px !important;padding-bottom: 27px !important;background-color: #eab830 !important;}&#8221; el_class=&#8221;stm_countdown_bg&#8221;][vc_column width=&#8221;1\/2&#8243;][vc_column_text css=&#8221;.vc_custom_1733925441483{margin-top: 33px !important;margin-bottom: 10px !important;}&#8221;]<\/p>\n<h2 class=\"white-heading\" style=\"text-align: center; line-height: 36px; color: #fff;\"><span class=\"demo-label\" style=\"color: #333333;\"><span style=\"color: #ffffff;\">INSCREVA-SE EM\u00a0 <\/span><\/span><span class=\"demo-label\" style=\"color: #333333;\">\u00a0FORMA\u00c7\u00c3O MODULAR CERTIFICADA<\/span><\/h2>\n<p>[\/vc_column_text][stm_color_separator color=&#8221;#ffffff&#8221; css=&#8221;.vc_custom_1437457505459{margin-bottom: 18px !important;}&#8221;][vc_column_text]<\/p>\n<h3 style=\"text-align: center;\">inscreva-se j\u00e1<\/h3>\n<p>[\/vc_column_text][stm_countdown datepicker=&#8221;30-12-2027 00:00&#8243; css=&#8221;.vc_custom_1738086618086{margin-bottom: 35px !important;}&#8221;][\/vc_column][vc_column width=&#8221;1\/2&#8243;][stm_sign_up_now form=&#8221;555&#8243; title=&#8221;Inscreva-se&#8221;][\/vc_column][\/vc_row][vc_row css=&#8221;.vc_custom_1434695320673{margin-bottom: 0px !important;}&#8221;][vc_column width=&#8221;2\/3&#8243;][stm_testimonials testimonials_slides_per_row=&#8221;2&#8243; testimonials_title=&#8221;TESTEMUNHOS&#8221;][\/vc_column][vc_column width=&#8221;1\/3&#8243;][vc_video title=&#8221;Curso Inst El\u00e9ctricas&#8221; link=&#8221;https:\/\/www.youtube.com\/embed\/8CZI_ElzKTk?list=PLtr6E63ULPS_XS7U62LXrfAObvkVYuaZ7&#8243; image=&#8221;1552&#8243;][\/vc_column][\/vc_row][vc_row][vc_column][vc_single_image image=&#8221;1755&#8243; img_size=&#8221;full&#8221; alignment=&#8221;center&#8221;][\/vc_column][\/vc_row]<\/p>\n","protected":false},"excerpt":{"rendered":"<p>[vc_row full_width=&#8221;stretch_row_content_no_spaces&#8221; css=&#8221;.vc_custom_1432531325225{margin-bottom: 0px !important;}&#8221;][vc_column][rev_slider_vc alias=&#8221;home_slider&#8221;][\/vc_column][\/vc_row][vc_row css=&#8221;.vc_custom_1461166226163{margin-top: 0px !important;margin-right: 0px !important;margin-bottom: 28px !important;margin-left: 0px !important;}&#8221; el_class=&#8221;overflowed_content&#8221;][vc_column width=&#8221;1\/4&#8243; css=&#8221;.vc_custom_1434610589736{margin-top: -148px !important;padding-right: 0px !important;padding-left: 0px !important;}&#8221;][stm_icon_box icon=&#8221;fa-icon-stm_icon_graduation-hat&#8221; icon_size=&#8221;73&#8243; icon_height=&#8221;69&#8243; icon_color=&#8221;#ffffff&#8221; title=&#8221;CURSOS CERTIFICADOS&#8221; box_bg_color=&#8221;#10c45c&#8221; box_text_color=&#8221;#ffffff&#8221; css=&#8221;.vc_custom_1461161153535{padding-top: 30px !important;padding-right: 32px !important;padding-bottom: 50px !important;padding-left: 32px !important;}&#8221;]Ap\u00f3s o terminus de cada a\u00e7\u00e3o de forma\u00e7\u00e3o cada formando recebe um certificado profissional referente [&hellip;]<\/p>\n","protected":false},"author":2,"featured_media":0,"parent":0,"menu_order":0,"comment_status":"closed","ping_status":"closed","template":"","meta":{"footnotes":""},"class_list":["post-8","page","type-page","status-publish","hentry"],"_links":{"self":[{"href":"https:\/\/inforfig.com\/index.php\/wp-json\/wp\/v2\/pages\/8","targetHints":{"allow":["GET"]}}],"collection":[{"href":"https:\/\/inforfig.com\/index.php\/wp-json\/wp\/v2\/pages"}],"about":[{"href":"https:\/\/inforfig.com\/index.php\/wp-json\/wp\/v2\/types\/page"}],"author":[{"embeddable":true,"href":"https:\/\/inforfig.com\/index.php\/wp-json\/wp\/v2\/users\/2"}],"replies":[{"embeddable":true,"href":"https:\/\/inforfig.com\/index.php\/wp-json\/wp\/v2\/comments?post=8"}],"version-history":[{"count":52,"href":"https:\/\/inforfig.com\/index.php\/wp-json\/wp\/v2\/pages\/8\/revisions"}],"predecessor-version":[{"id":1769,"href":"https:\/\/inforfig.com\/index.php\/wp-json\/wp\/v2\/pages\/8\/revisions\/1769"}],"wp:attachment":[{"href":"https:\/\/inforfig.com\/index.php\/wp-json\/wp\/v2\/media?parent=8"}],"curies":[{"name":"wp","href":"https:\/\/api.w.org\/{rel}","templated":true}]}}